{"id":31778,"date":"2024-06-04T12:19:51","date_gmt":"2024-06-04T16:19:51","guid":{"rendered":"https:\/\/abccliniquesante.com\/devenir-franchise\/"},"modified":"2024-10-22T11:21:20","modified_gmt":"2024-10-22T15:21:20","slug":"devenir-franchise","status":"publish","type":"page","link":"https:\/\/abccliniquesante.com\/en\/devenir-franchise\/","title":{"rendered":"Devenir Franchis\u00e9"},"content":{"rendered":"<h1><\/h1>\n<p style=\"text-align: left;\"><img decoding=\"async\" class=\"aligncenter wp-image-1167 size-medium\" src=\"https:\/\/abccliniquesante.com\/wp-content\/uploads\/2022\/06\/Rectangle-158-1-300x242.png\" alt=\"Franchis\u00e9 ABC Clinique Sant\u00e9\" width=\"300\" height=\"242\" srcset=\"https:\/\/abccliniquesante.com\/wp-content\/uploads\/2022\/06\/Rectangle-158-1-300x242.png 300w, https:\/\/abccliniquesante.com\/wp-content\/uploads\/2022\/06\/Rectangle-158-1-1024x826.png 1024w, https:\/\/abccliniquesante.com\/wp-content\/uploads\/2022\/06\/Rectangle-158-1-768x620.png 768w, https:\/\/abccliniquesante.com\/wp-content\/uploads\/2022\/06\/Rectangle-158-1.png 1418w\" sizes=\"(max-width: 300px) 100vw, 300px\" \/><\/p>\n<h2>Join the team of ABC Clinique Sant\u00e9 franchise owners<\/h2>\n<p>Are you a health-care professional who is a member of a professional order and would like to develop your own clinic while benefiting from the support of a solid network? <strong>ABC Clinique Sant\u00e9<\/strong> is expanding rapidly, and we&#8217;d love to have you on board!<\/p>\n<p>Our unique concept is based on an interdisciplinary approach, fostering collaboration between various healthcare professionals. As a franchisee, you benefit not only from our proven expertise, but also from personalized support at every stage of your clinic&#8217;s creation and development.<\/p>\n<p>Imagine offering your patients a comprehensive service where various disciplines work hand in hand for their well-being. ABC Clinique Sant\u00e9 helps you build this interdisciplinary practice, while allowing you to focus on what you do best: caring for your patients.<\/p>\n<p>Fill in the form below to receive all the information you need and find out how ABC Clinique Sant\u00e9 can support you in this project. We&#8217;ll be in touch shortly to discuss your vision and answer any questions you may have during a personalized meeting.<\/p>\n<p>&nbsp;<\/p>\n<p>https:\/\/www.youtube.com\/watch?v=GRt1kBd7d94<\/p>\n<style id=\"wpforms-css-vars-26721\">\n\t\t\t\t#wpforms-26721 {\n\t\t\t\t\n\t\t\t}\n\t\t\t<\/style><div class=\"wpforms-container wpforms-container-full wpforms-render-modern\" id=\"wpforms-26721\"><form id=\"wpforms-form-26721\" class=\"wpforms-validate wpforms-form wpforms-ajax-form\" data-formid=\"26721\" method=\"post\" enctype=\"multipart\/form-data\" action=\"\/en\/wp-json\/wp\/v2\/pages\/31778\" data-token=\"92aa04a5d4821846594cb227da904f2b\" data-token-time=\"1776825117\"><noscript class=\"wpforms-error-noscript\">Please enable JavaScript in your browser to complete this form.<\/noscript><div id=\"wpforms-error-noscript\" style=\"display: none;\">Please enable JavaScript in your browser to complete this form.<\/div><div class=\"wpforms-field-container\"><div id=\"wpforms-26721-field_0-container\" class=\"wpforms-field wpforms-field-name\" data-field-id=\"0\"><fieldset><legend class=\"wpforms-field-label\">Nom <span class=\"wpforms-required-label\" aria-hidden=\"true\">*<\/span><\/legend><div class=\"wpforms-field-row wpforms-field-medium\"><div class=\"wpforms-field-row-block wpforms-first wpforms-one-half\"><input type=\"text\" id=\"wpforms-26721-field_0\" class=\"wpforms-field-name-first wpforms-field-required\" name=\"wpforms[fields][0][first]\" aria-errormessage=\"wpforms-26721-field_0-error\" required><label for=\"wpforms-26721-field_0\" class=\"wpforms-field-sublabel after\">First<\/label><\/div><div class=\"wpforms-field-row-block wpforms-one-half\"><input type=\"text\" id=\"wpforms-26721-field_0-last\" class=\"wpforms-field-name-last wpforms-field-required\" name=\"wpforms[fields][0][last]\" aria-errormessage=\"wpforms-26721-field_0-last-error\" required><label for=\"wpforms-26721-field_0-last\" class=\"wpforms-field-sublabel after\">Last<\/label><\/div><\/div><\/fieldset><\/div><div id=\"wpforms-26721-field_1-container\" class=\"wpforms-field wpforms-field-email\" data-field-id=\"1\"><label class=\"wpforms-field-label\" for=\"wpforms-26721-field_1\">Courriel <span class=\"wpforms-required-label\" aria-hidden=\"true\">*<\/span><\/label><input type=\"email\" id=\"wpforms-26721-field_1\" class=\"wpforms-field-medium wpforms-field-required\" name=\"wpforms[fields][1]\" spellcheck=\"false\" aria-errormessage=\"wpforms-26721-field_1-error\" required><\/div><div id=\"wpforms-26721-field_4-container\" class=\"wpforms-field wpforms-field-number\" data-field-id=\"4\"><label class=\"wpforms-field-label\" for=\"wpforms-26721-field_4\">Num\u00e9ro de t\u00e9l\u00e9phone <span class=\"wpforms-required-label\" aria-hidden=\"true\">*<\/span><\/label><input type=\"number\" id=\"wpforms-26721-field_4\" class=\"wpforms-field-medium wpforms-field-required\" name=\"wpforms[fields][4]\" step=\"any\" aria-errormessage=\"wpforms-26721-field_4-error\" required><\/div><div id=\"wpforms-26721-field_5-container\" class=\"wpforms-field wpforms-field-text\" data-field-id=\"5\"><label class=\"wpforms-field-label\" for=\"wpforms-26721-field_5\">Profession  <span class=\"wpforms-required-label\" aria-hidden=\"true\">*<\/span><\/label><input type=\"text\" id=\"wpforms-26721-field_5\" class=\"wpforms-field-medium wpforms-field-required\" name=\"wpforms[fields][5]\" aria-errormessage=\"wpforms-26721-field_5-error\" required><\/div><div id=\"wpforms-26721-field_8-container\" class=\"wpforms-field wpforms-field-radio\" data-field-id=\"8\"><fieldset><legend class=\"wpforms-field-label\">Choisissez l&#039;option qui se rapporte le plus \u00e0 vous <span class=\"wpforms-required-label\" aria-hidden=\"true\">*<\/span><\/legend><ul id=\"wpforms-26721-field_8\" class=\"wpforms-field-required\"><li class=\"choice-1 depth-1\"><input type=\"radio\" id=\"wpforms-26721-field_8_1\" name=\"wpforms[fields][8]\" value=\"Je suis \u00e9tudiant et je recherche une opportunit\u00e9 d&#039;entrepreneuriat apr\u00e8s ma graduation\" aria-errormessage=\"wpforms-26721-field_8_1-error\" required ><label class=\"wpforms-field-label-inline\" for=\"wpforms-26721-field_8_1\">Je suis \u00e9tudiant et je recherche une opportunit\u00e9 d'entrepreneuriat apr\u00e8s ma graduation<\/label><\/li><li class=\"choice-2 depth-1\"><input type=\"radio\" id=\"wpforms-26721-field_8_2\" name=\"wpforms[fields][8]\" value=\"Je suis en pratique dans une clinique qui ne m&#039;appartient pas et je d\u00e9sire d\u00e9marrer ma clinique ABC\" aria-errormessage=\"wpforms-26721-field_8_2-error\" required ><label class=\"wpforms-field-label-inline\" for=\"wpforms-26721-field_8_2\">Je suis en pratique dans une clinique qui ne m'appartient pas et je d\u00e9sire d\u00e9marrer ma clinique ABC<\/label><\/li><li class=\"choice-3 depth-1\"><input type=\"radio\" id=\"wpforms-26721-field_8_3\" name=\"wpforms[fields][8]\" value=\"Je suis propri\u00e9taire d&#039;une clinique et j&#039;aimerais la faire \u00e9voluer vers le mod\u00e8le ABC Clinique Sant\u00e9\" aria-errormessage=\"wpforms-26721-field_8_3-error\" required ><label class=\"wpforms-field-label-inline\" for=\"wpforms-26721-field_8_3\">Je suis propri\u00e9taire d'une clinique et j'aimerais la faire \u00e9voluer vers le mod\u00e8le ABC Clinique Sant\u00e9<\/label><\/li><li class=\"choice-4 depth-1\"><input type=\"radio\" id=\"wpforms-26721-field_8_4\" name=\"wpforms[fields][8]\" value=\"Autre\" aria-errormessage=\"wpforms-26721-field_8_4-error\" required ><label class=\"wpforms-field-label-inline\" for=\"wpforms-26721-field_8_4\">Autre<\/label><\/li><\/ul><\/fieldset><\/div><div id=\"wpforms-26721-field_2-container\" class=\"wpforms-field wpforms-field-textarea\" data-field-id=\"2\"><label class=\"wpforms-field-label\" for=\"wpforms-26721-field_2\">Commentaire<\/label><textarea id=\"wpforms-26721-field_2\" class=\"wpforms-field-medium\" name=\"wpforms[fields][2]\" aria-errormessage=\"wpforms-26721-field_2-error\" ><\/textarea><\/div><\/div><!-- .wpforms-field-container --><div class=\"wpforms-submit-container\" ><input type=\"hidden\" name=\"wpforms[id]\" value=\"26721\"><input type=\"hidden\" name=\"page_title\" value=\"\"><input type=\"hidden\" name=\"page_url\" value=\"https:\/\/abccliniquesante.com\/en\/wp-json\/wp\/v2\/pages\/31778\"><input type=\"hidden\" name=\"url_referer\" value=\"\"><button type=\"submit\" name=\"wpforms[submit]\" id=\"wpforms-submit-26721\" class=\"wpforms-submit\" data-alt-text=\"Envoi en cours ...\" data-submit-text=\"Envoyez\" aria-live=\"assertive\" value=\"wpforms-submit\">Envoyez<\/button><img decoding=\"async\" src=\"https:\/\/abccliniquesante.com\/wp-content\/plugins\/wpforms-lite\/assets\/images\/submit-spin.svg\" class=\"wpforms-submit-spinner\" style=\"display: none;\" width=\"26\" height=\"26\" alt=\"Loading\"><\/div><\/form><\/div>  <!-- .wpforms-container -->\n","protected":false},"excerpt":{"rendered":"<p>Join the team of ABC Clinique Sant\u00e9 franchise owners Are you a health-care professional who is a member of a professional order and would like to develop your own clinic [&hellip;]<\/p>\n","protected":false},"author":5,"featured_media":0,"parent":0,"menu_order":0,"comment_status":"closed","ping_status":"closed","template":"","meta":{"footnotes":""},"class_list":["post-31778","page","type-page","status-publish","hentry"],"acf":[],"yoast_head":"<!-- This site is optimized with the Yoast SEO Premium plugin v25.6 (Yoast SEO v26.6) - https:\/\/yoast.com\/wordpress\/plugins\/seo\/ -->\n<title>Devenir Franchis\u00e9 - ABC Clinique Sant\u00e9<\/title>\n<meta name=\"robots\" content=\"index, follow, max-snippet:-1, max-image-preview:large, max-video-preview:-1\" \/>\n<link rel=\"canonical\" href=\"https:\/\/abccliniquesante.com\/en\/devenir-franchise\/\" \/>\n<meta property=\"og:locale\" content=\"en_US\" \/>\n<meta property=\"og:type\" content=\"article\" \/>\n<meta property=\"og:title\" content=\"Devenir Franchis\u00e9\" \/>\n<meta property=\"og:description\" content=\"Join the team of ABC Clinique Sant\u00e9 franchise owners Are you a health-care professional who is a member of a professional order and would like to develop your own clinic [&hellip;]\" \/>\n<meta property=\"og:url\" content=\"https:\/\/abccliniquesante.com\/en\/devenir-franchise\/\" \/>\n<meta property=\"og:site_name\" content=\"ABC Clinique Sant\u00e9\" \/>\n<meta property=\"article:modified_time\" content=\"2024-10-22T15:21:20+00:00\" \/>\n<meta property=\"og:image\" content=\"https:\/\/abccliniquesante.com\/wp-content\/uploads\/2022\/06\/Rectangle-158-1-300x242.png\" \/>\n<meta name=\"twitter:card\" content=\"summary_large_image\" \/>\n<meta name=\"twitter:label1\" content=\"Est. reading time\" \/>\n\t<meta name=\"twitter:data1\" content=\"2 minutes\" \/>\n<script type=\"application\/ld+json\" class=\"yoast-schema-graph\">{\"@context\":\"https:\/\/schema.org\",\"@graph\":[{\"@type\":\"WebPage\",\"@id\":\"https:\/\/abccliniquesante.com\/en\/devenir-franchise\/\",\"url\":\"https:\/\/abccliniquesante.com\/en\/devenir-franchise\/\",\"name\":\"Devenir Franchis\u00e9 - ABC Clinique Sant\u00e9\",\"isPartOf\":{\"@id\":\"https:\/\/abccliniquesante.com\/#website\"},\"primaryImageOfPage\":{\"@id\":\"https:\/\/abccliniquesante.com\/en\/devenir-franchise\/#primaryimage\"},\"image\":{\"@id\":\"https:\/\/abccliniquesante.com\/en\/devenir-franchise\/#primaryimage\"},\"thumbnailUrl\":\"https:\/\/abccliniquesante.com\/wp-content\/uploads\/2022\/06\/Rectangle-158-1-300x242.png\",\"datePublished\":\"2024-06-04T16:19:51+00:00\",\"dateModified\":\"2024-10-22T15:21:20+00:00\",\"breadcrumb\":{\"@id\":\"https:\/\/abccliniquesante.com\/en\/devenir-franchise\/#breadcrumb\"},\"inLanguage\":\"en-US\",\"potentialAction\":[{\"@type\":\"ReadAction\",\"target\":[\"https:\/\/abccliniquesante.com\/en\/devenir-franchise\/\"]}]},{\"@type\":\"ImageObject\",\"inLanguage\":\"en-US\",\"@id\":\"https:\/\/abccliniquesante.com\/en\/devenir-franchise\/#primaryimage\",\"url\":\"https:\/\/abccliniquesante.com\/wp-content\/uploads\/2022\/06\/Rectangle-158-1-300x242.png\",\"contentUrl\":\"https:\/\/abccliniquesante.com\/wp-content\/uploads\/2022\/06\/Rectangle-158-1-300x242.png\"},{\"@type\":\"BreadcrumbList\",\"@id\":\"https:\/\/abccliniquesante.com\/en\/devenir-franchise\/#breadcrumb\",\"itemListElement\":[{\"@type\":\"ListItem\",\"position\":1,\"name\":\"Accueil\",\"item\":\"https:\/\/abccliniquesante.com\/en\/\"},{\"@type\":\"ListItem\",\"position\":2,\"name\":\"Devenir Franchis\u00e9\"}]},{\"@type\":\"WebSite\",\"@id\":\"https:\/\/abccliniquesante.com\/#website\",\"url\":\"https:\/\/abccliniquesante.com\/\",\"name\":\"ABC Clinique Sant\u00e9\",\"description\":\"Chiropractic, physiotherapy, massage therapy, nutrition, kinesiology, social work, group classes.\",\"potentialAction\":[{\"@type\":\"SearchAction\",\"target\":{\"@type\":\"EntryPoint\",\"urlTemplate\":\"https:\/\/abccliniquesante.com\/?s={search_term_string}\"},\"query-input\":{\"@type\":\"PropertyValueSpecification\",\"valueRequired\":true,\"valueName\":\"search_term_string\"}}],\"inLanguage\":\"en-US\"}]}<\/script>\n<!-- \/ Yoast SEO Premium plugin. -->","yoast_head_json":{"title":"Devenir Franchis\u00e9 - ABC Clinique Sant\u00e9","robots":{"index":"index","follow":"follow","max-snippet":"max-snippet:-1","max-image-preview":"max-image-preview:large","max-video-preview":"max-video-preview:-1"},"canonical":"https:\/\/abccliniquesante.com\/en\/devenir-franchise\/","og_locale":"en_US","og_type":"article","og_title":"Devenir Franchis\u00e9","og_description":"Join the team of ABC Clinique Sant\u00e9 franchise owners Are you a health-care professional who is a member of a professional order and would like to develop your own clinic [&hellip;]","og_url":"https:\/\/abccliniquesante.com\/en\/devenir-franchise\/","og_site_name":"ABC Clinique Sant\u00e9","article_modified_time":"2024-10-22T15:21:20+00:00","og_image":[{"url":"https:\/\/abccliniquesante.com\/wp-content\/uploads\/2022\/06\/Rectangle-158-1-300x242.png","type":"","width":"","height":""}],"twitter_card":"summary_large_image","twitter_misc":{"Est. reading time":"2 minutes"},"schema":{"@context":"https:\/\/schema.org","@graph":[{"@type":"WebPage","@id":"https:\/\/abccliniquesante.com\/en\/devenir-franchise\/","url":"https:\/\/abccliniquesante.com\/en\/devenir-franchise\/","name":"Devenir Franchis\u00e9 - ABC Clinique Sant\u00e9","isPartOf":{"@id":"https:\/\/abccliniquesante.com\/#website"},"primaryImageOfPage":{"@id":"https:\/\/abccliniquesante.com\/en\/devenir-franchise\/#primaryimage"},"image":{"@id":"https:\/\/abccliniquesante.com\/en\/devenir-franchise\/#primaryimage"},"thumbnailUrl":"https:\/\/abccliniquesante.com\/wp-content\/uploads\/2022\/06\/Rectangle-158-1-300x242.png","datePublished":"2024-06-04T16:19:51+00:00","dateModified":"2024-10-22T15:21:20+00:00","breadcrumb":{"@id":"https:\/\/abccliniquesante.com\/en\/devenir-franchise\/#breadcrumb"},"inLanguage":"en-US","potentialAction":[{"@type":"ReadAction","target":["https:\/\/abccliniquesante.com\/en\/devenir-franchise\/"]}]},{"@type":"ImageObject","inLanguage":"en-US","@id":"https:\/\/abccliniquesante.com\/en\/devenir-franchise\/#primaryimage","url":"https:\/\/abccliniquesante.com\/wp-content\/uploads\/2022\/06\/Rectangle-158-1-300x242.png","contentUrl":"https:\/\/abccliniquesante.com\/wp-content\/uploads\/2022\/06\/Rectangle-158-1-300x242.png"},{"@type":"BreadcrumbList","@id":"https:\/\/abccliniquesante.com\/en\/devenir-franchise\/#breadcrumb","itemListElement":[{"@type":"ListItem","position":1,"name":"Accueil","item":"https:\/\/abccliniquesante.com\/en\/"},{"@type":"ListItem","position":2,"name":"Devenir Franchis\u00e9"}]},{"@type":"WebSite","@id":"https:\/\/abccliniquesante.com\/#website","url":"https:\/\/abccliniquesante.com\/","name":"ABC Clinique Sant\u00e9","description":"Chiropractic, physiotherapy, massage therapy, nutrition, kinesiology, social work, group classes.","potentialAction":[{"@type":"SearchAction","target":{"@type":"EntryPoint","urlTemplate":"https:\/\/abccliniquesante.com\/?s={search_term_string}"},"query-input":{"@type":"PropertyValueSpecification","valueRequired":true,"valueName":"search_term_string"}}],"inLanguage":"en-US"}]}},"_links":{"self":[{"href":"https:\/\/abccliniquesante.com\/en\/wp-json\/wp\/v2\/pages\/31778","targetHints":{"allow":["GET"]}}],"collection":[{"href":"https:\/\/abccliniquesante.com\/en\/wp-json\/wp\/v2\/pages"}],"about":[{"href":"https:\/\/abccliniquesante.com\/en\/wp-json\/wp\/v2\/types\/page"}],"author":[{"embeddable":true,"href":"https:\/\/abccliniquesante.com\/en\/wp-json\/wp\/v2\/users\/5"}],"replies":[{"embeddable":true,"href":"https:\/\/abccliniquesante.com\/en\/wp-json\/wp\/v2\/comments?post=31778"}],"version-history":[{"count":0,"href":"https:\/\/abccliniquesante.com\/en\/wp-json\/wp\/v2\/pages\/31778\/revisions"}],"wp:attachment":[{"href":"https:\/\/abccliniquesante.com\/en\/wp-json\/wp\/v2\/media?parent=31778"}],"curies":[{"name":"wp","href":"https:\/\/api.w.org\/{rel}","templated":true}]}}